{"id":148,"date":"2018-08-14T16:07:13","date_gmt":"2018-08-14T16:07:13","guid":{"rendered":"https:\/\/dichvu.mauwebwp.com\/dichvu026\/?page_id=148"},"modified":"2018-08-14T16:25:11","modified_gmt":"2018-08-14T16:25:11","slug":"lien-he","status":"publish","type":"page","link":"https:\/\/dichvu.mauwebwp.com\/dichvu026\/lien-he\/","title":{"rendered":"Li\u00ean h\u1ec7"},"content":{"rendered":"  <div id=\"page-header-82938190\" class=\"page-header-wrapper\">\n  <div class=\"page-title dark featured-title\">\n\n    \n    <div class=\"page-title-inner container align-center flex-row medium-flex-wrap\" >\n              <div class=\"title-wrapper flex-col text-left medium-text-center\">\n          <h1 class=\"entry-title mb-0\">\n            Li\u00ean h\u1ec7          <\/h1>\n        <\/div>\n                    <div class=\"title-content flex-col flex-right text-right medium-text-center\">\n        <div class=\"title-breadcrumbs pb-half pt-half\"><\/div>      <\/div>\n    <\/div>\n\n       <\/div>\n    <\/div>\n  \n\t<section class=\"section\" id=\"section_1602415011\">\n\t\t<div class=\"bg section-bg fill bg-fill  bg-loaded\" >\n\n\t\t\t\n\t\t\t\n\t\t\t\n\n\t\t<\/div>\n\n\t\t<div class=\"section-content relative\">\n\t\t\t\n<div class=\"row\"  id=\"row-798265838\">\n\n\t<div id=\"col-1525092905\" class=\"col small-12 large-12\"  >\n\t\t\t\t<div class=\"col-inner\"  >\n\t\t\t\n\t\t\t\n<p><iframe loading=\"lazy\" src=\"https:\/\/www.google.com\/maps\/embed?pb=!1m14!1m8!1m3!1d7838.146494993891!2d106.677683!3d10.805702!3m2!1i1024!2i768!4f13.1!3m3!1m2!1s0x317528d8bf4ae79d%3A0x5f44625702cefeee!2zOTkgxJDDoG8gRHV5IEFuaCwgUGjGsOG7nW5nIDksIFBow7ogTmh14bqtbiwgSOG7kyBDaMOtIE1pbmgsIFZp4buHdCBOYW0!5e0!3m2!1svi!2sus!4v1534263210934\" width=\"100%\" height=\"450\" frameborder=\"0\" style=\"border:0\" allowfullscreen><\/iframe><\/p>\n\t\t<\/div>\n\t\t\t\t\t<\/div>\n\n\t\n<\/div>\n<div class=\"row\"  id=\"row-674780600\">\n\n\t<div id=\"col-1341331950\" class=\"col medium-8 small-12 large-8\"  >\n\t\t\t\t<div class=\"col-inner\"  >\n\t\t\t\n\t\t\t\n<div role=\"form\" class=\"wpcf7\" id=\"wpcf7-f152-o1\" lang=\"vi\" dir=\"ltr\">\n<div class=\"screen-reader-response\"><p role=\"status\" aria-live=\"polite\" aria-atomic=\"true\"><\/p> <ul><\/ul><\/div>\n<form action=\"\/dichvu026\/wp-json\/wp\/v2\/pages\/148#wpcf7-f152-o1\" method=\"post\" class=\"wpcf7-form init\" novalidate=\"novalidate\" data-status=\"init\">\n<div style=\"display: none;\">\n<input type=\"hidden\" name=\"_wpcf7\" value=\"152\" \/>\n<input type=\"hidden\" name=\"_wpcf7_version\" value=\"5.5.1\" \/>\n<input type=\"hidden\" name=\"_wpcf7_locale\" value=\"vi\" \/>\n<input type=\"hidden\" name=\"_wpcf7_unit_tag\" value=\"wpcf7-f152-o1\" \/>\n<input type=\"hidden\" name=\"_wpcf7_container_post\" value=\"0\" \/>\n<input type=\"hidden\" name=\"_wpcf7_posted_data_hash\" value=\"\" \/>\n<\/div>\n<div class=\"row form-lien-he\">\n<div class=\"large-6\">\n<label> T\u00ean c\u1ee7a b\u1ea1n: *<br \/>\n    <span class=\"wpcf7-form-control-wrap your-name\"><input type=\"text\" name=\"your-name\" value=\"\" size=\"40\" class=\"wpcf7-form-control wpcf7-text wpcf7-validates-as-required\" aria-required=\"true\" aria-invalid=\"false\" \/><\/span> <\/label><br \/>\n<label> \u0110\u1ecba ch\u1ec9 Email: *<br \/>\n    <span class=\"wpcf7-form-control-wrap your-email\"><input type=\"email\" name=\"your-email\" value=\"\" size=\"40\" class=\"wpcf7-form-control wpcf7-text wpcf7-email wpcf7-validates-as-required wpcf7-validates-as-email\" aria-required=\"true\" aria-invalid=\"false\" \/><\/span> <\/label>\n<\/div>\n<div class=\"large-6\">\n<label> S\u1ed1 \u0111i\u1ec7n tho\u1ea1i: *<br \/>\n    <span class=\"wpcf7-form-control-wrap your-phone\"><input type=\"tel\" name=\"your-phone\" value=\"\" size=\"40\" class=\"wpcf7-form-control wpcf7-text wpcf7-tel wpcf7-validates-as-required wpcf7-validates-as-tel\" aria-required=\"true\" aria-invalid=\"false\" \/><\/span> <\/label><br \/>\n<label> D\u1ecbch v\u1ee5 c\u1ea7n t\u01b0 v\u1ea5n<br \/>\n    <span class=\"wpcf7-form-control-wrap dich-vu\"><select name=\"dich-vu\" class=\"wpcf7-form-control wpcf7-select\" aria-invalid=\"false\"><option value=\"Lu\u1eadt v\u00e0 tu\u00e2n th\u1ee7\">Lu\u1eadt v\u00e0 tu\u00e2n th\u1ee7<\/option><option value=\"Qu\u1ea3n l\u00fd nh\u00e2n s\u1ef1\">Qu\u1ea3n l\u00fd nh\u00e2n s\u1ef1<\/option><option value=\"K\u1ebf to\u00e1n - ki\u1ec3m to\u00e1n thu\u1ebf\">K\u1ebf to\u00e1n - ki\u1ec3m to\u00e1n thu\u1ebf<\/option><\/select><\/span><br \/>\n<\/label>\n<\/div>\n<div class=\"large-12\">\n<label> Tin nh\u1eafn<br \/>\n    <span class=\"wpcf7-form-control-wrap your-message\"><textarea name=\"your-message\" cols=\"40\" rows=\"10\" class=\"wpcf7-form-control wpcf7-textarea\" aria-invalid=\"false\"><\/textarea><\/span> <\/label>\n<\/div>\n<div class=\"large-12\">\n<input type=\"submit\" value=\"G\u1eedi \u0111i\" class=\"wpcf7-form-control has-spinner wpcf7-submit\" \/>\n<\/div>\n<\/div>\n<div class=\"wpcf7-response-output\" aria-hidden=\"true\"><\/div><\/form><\/div>\n\t\t<\/div>\n\t\t\t\t\t<\/div>\n\n\t\n\n\t<div id=\"col-1707045850\" class=\"col medium-4 small-12 large-4\"  >\n\t\t\t\t<div class=\"col-inner\"  >\n\t\t\t\n\t\t\t\n<h4>TH\u00d4NG TIN LI\u00caN H\u1ec6<\/h4>\n<p>99 \u0110\u00e0o Duy Anh, Ph\u00fa Nhu\u1eadn, TP. H\u1ed3 Ch\u00ed Minh<\/p>\n<p><b>Tel: 0946922101<\/b><\/p>\n<p><b>Hotline: 0946922101<\/b><\/p>\n<p><b>E-mail: lienhe@izithue.com<\/b><\/p>\n\t\t<\/div>\n\t\t\t\t\t<\/div>\n\n\t\n<\/div>\n\t\t<\/div>\n\n\t\t\n<style>\n#section_1602415011 {\n  padding-top: 30px;\n  padding-bottom: 30px;\n}\n<\/style>\n\t<\/section>\n\t\n","protected":false},"excerpt":{"rendered":"","protected":false},"author":1,"featured_media":0,"parent":0,"menu_order":0,"comment_status":"closed","ping_status":"closed","template":"page-blank.php","meta":[],"_links":{"self":[{"href":"https:\/\/dichvu.mauwebwp.com\/dichvu026\/wp-json\/wp\/v2\/pages\/148"}],"collection":[{"href":"https:\/\/dichvu.mauwebwp.com\/dichvu026\/wp-json\/wp\/v2\/pages"}],"about":[{"href":"https:\/\/dichvu.mauwebwp.com\/dichvu026\/wp-json\/wp\/v2\/types\/page"}],"author":[{"embeddable":true,"href":"https:\/\/dichvu.mauwebwp.com\/dichvu026\/wp-json\/wp\/v2\/users\/1"}],"replies":[{"embeddable":true,"href":"https:\/\/dichvu.mauwebwp.com\/dichvu026\/wp-json\/wp\/v2\/comments?post=148"}],"version-history":[{"count":4,"href":"https:\/\/dichvu.mauwebwp.com\/dichvu026\/wp-json\/wp\/v2\/pages\/148\/revisions"}],"predecessor-version":[{"id":163,"href":"https:\/\/dichvu.mauwebwp.com\/dichvu026\/wp-json\/wp\/v2\/pages\/148\/revisions\/163"}],"wp:attachment":[{"href":"https:\/\/dichvu.mauwebwp.com\/dichvu026\/wp-json\/wp\/v2\/media?parent=148"}],"curies":[{"name":"wp","href":"https:\/\/api.w.org\/{rel}","templated":true}]}}