{"id":155,"date":"2018-08-14T16:20:19","date_gmt":"2018-08-14T16:20:19","guid":{"rendered":"https:\/\/dichvu.mauwebwp.com\/dichvu026\/?page_id=155"},"modified":"2018-08-14T16:23:49","modified_gmt":"2018-08-14T16:23:49","slug":"gioi-thieu","status":"publish","type":"page","link":"https:\/\/dichvu.mauwebwp.com\/dichvu026\/gioi-thieu\/","title":{"rendered":"Gi\u1edbi thi\u1ec7u"},"content":{"rendered":"  <div id=\"page-header-635301754\" class=\"page-header-wrapper\">\n  <div class=\"page-title dark featured-title\">\n\n    \n    <div class=\"page-title-inner container align-center flex-row medium-flex-wrap\" >\n              <div class=\"title-wrapper flex-col text-left medium-text-center\">\n          <h1 class=\"entry-title mb-0\">\n            Gi\u1edbi thi\u1ec7u          <\/h1>\n        <\/div>\n                    <div class=\"title-content flex-col flex-right text-right medium-text-center\">\n        <div class=\"title-breadcrumbs pb-half pt-half\"><\/div>      <\/div>\n    <\/div>\n\n       <\/div>\n    <\/div>\n  \n\t<section class=\"section\" id=\"section_423942347\">\n\t\t<div class=\"bg section-bg fill bg-fill  bg-loaded\" >\n\n\t\t\t\n\t\t\t\n\t\t\t\n\n\t\t<\/div>\n\n\t\t<div class=\"section-content relative\">\n\t\t\t\n<div class=\"row\"  id=\"row-1081116967\">\n\n\t<div id=\"col-1212806326\" class=\"col medium-6 small-12 large-6\"  >\n\t\t\t\t<div class=\"col-inner\"  >\n\t\t\t\n\t\t\t\n<p>IZI THU\u1ebe l\u00e0 c\u00f4ng ty \u0111\u01b0\u1ee3c th\u00e0nh l\u1eadp v\u1edbi m\u1ee5c \u0111\u00edch cung c\u1ea5p gi\u1ea3i ph\u00e1p v\u1ec1 c\u00e1c d\u1ecbch v\u1ee5 thu\u1ebf k\u1ebf to\u00e1n. V\u1edbi kinh nghi\u1ec7m 15 n\u0103m c\u00f9ng c\u00e1c chuy\u00ean gia \u0111\u1ea7u ng\u00e0nh s\u1ebd gi\u00fap c\u00e1c doanh nghi\u1ec7p Vi\u1ec7t Nam v\u00e0 c\u00e1c doanh nghi\u1ec7p n\u01b0\u1edbc ngo\u00e0i t\u1ea1i Vi\u1ec7t Nam ti\u1ebft ki\u1ec7m th\u1eddi gian v\u00e0 chi ph\u00ed v\u1ec1 c\u00e1c nghi\u1ec7p v\u1ee5 k\u1ebf to\u00e1n. Ch\u00fang t\u00f4i cam k\u1ebft mang \u0111\u1ebfn ch\u1ea5t l\u01b0\u1ee3ng d\u1ecbch v\u1ee5 t\u1ed1t nh\u1ea5t c\u00f9ng m\u1ee9c gi\u00e1 h\u1ee3p l\u00ed nh\u1ea5t.<\/p>\n<h3>Izi Thu\u1ebf mang \u0111\u1ebfn c\u00e1c l\u1ee3i \u00edch:<\/h3>\n<ul class=\"giaiphap\">\n<li>Doanh nghi\u1ec7p c\u00f3 \u0111\u01b0\u1ee3c s\u1ef1 ph\u1ee5c v\u1ee5 c\u1ee7a nh\u1eefng k\u1ebf to\u00e1n, k\u1ebf to\u00e1n tr\u01b0\u1edfng tr\u00ean d\u01b0\u1edbi 10 n\u0103m kinh nghi\u1ec7m v\u1edbi chi ph\u00ed r\u1ebb h\u01a1n r\u1ea5t nhi\u1ec1u n\u1ebfu b\u1ea1n thu\u00ea m\u1ed9t k\u1ebf to\u00e1n n\u1ed9i b\u1ed9.<\/li>\n<li>Kh\u00f4ng ph\u00e1t sinh c\u00e1c kho\u1ea3n chi ph\u00ed li\u00ean quan t\u1edbi k\u1ebf to\u00e1n n\u1ed9i b\u1ed9 nh\u01b0, b\u00e0n gh\u1ebf, m\u00e1y in, m\u00e1y vi t\u00ednh, v\u0103n ph\u00f2ng ph\u1ea9m, chi ph\u00ed \u0111i l\u1ea1i\u2026<\/li>\n<li>Cung c\u1ea5p cho qu\u00fd kh\u00e1ch h\u00e0ng c\u00e1c b\u00e1o c\u00e1o ch\u00ednh x\u00e1c v\u00e0 k\u1ecbp th\u1eddi, nhanh ch\u00f3ng h\u00e0ng th\u00e1ng, qu\u00fd, n\u0103m hay t\u1ea1i b\u1ea5t k\u00ec khi n\u00e0o qu\u00fd kh\u00e1ch c\u00f3 y\u00eau c\u1ea7u<\/li>\n<li>Y\u00ean t\u00e2m ph\u00e1t tri\u1ec3n kinh doanh m\u00e0 kh\u00f4ng ph\u1ea3i lo l\u1eafng v\u1ec1 vi\u1ec7c nh\u00e2n s\u1ef1 k\u1ebf to\u00e1n, c\u00f4ng vi\u1ec7c k\u1ebf to\u00e1n b\u1edfi b\u1ea1n \u0111\u00e3 c\u00f3 m\u1ed9t tr\u1ee3 th\u1ee7 chuy\u00ean nghi\u1ec7p \u0111\u1ea3m nh\u1eadn<\/li>\n<li>Lu\u00f4n c\u1eadp nh\u1eadt k\u1ecbp th\u1eddi v\u1ec1 lu\u1eadt v\u00e0 ch\u1ebf \u0111\u1ed9 k\u1ebf to\u00e1n hi\u1ec7n h\u00e0nh mang l\u1ea1i l\u1ee3i \u00edch thi\u1ebft th\u1ef1c cho doanh nghi\u1ec7p.<\/li>\n<\/ul>\n\t\t<\/div>\n\t\t\t\t\t<\/div>\n\n\t\n\n\t<div id=\"col-1225584387\" class=\"col medium-6 small-12 large-6\"  >\n\t\t\t\t<div class=\"col-inner\"  >\n\t\t\t\n\t\t\t\n\t<div class=\"img has-hover x md-x lg-x y md-y lg-y\" id=\"image_1763897961\">\n\t\t\t\t\t\t\t\t<div class=\"img-inner dark\" >\n\t\t\t<img width=\"574\" height=\"417\" src=\"https:\/\/dichvu.mauwebwp.com\/dichvu026\/wp-content\/uploads\/2018\/08\/pizi_tim_sen_img_about_us.png\" class=\"attachment-large size-large\" alt=\"\" loading=\"lazy\" srcset=\"https:\/\/dichvu.mauwebwp.com\/dichvu026\/wp-content\/uploads\/2018\/08\/pizi_tim_sen_img_about_us.png 574w, https:\/\/dichvu.mauwebwp.com\/dichvu026\/wp-content\/uploads\/2018\/08\/pizi_tim_sen_img_about_us-551x400.png 551w\" sizes=\"(max-width: 574px) 100vw, 574px\" \/>\t\t\t\t\t\t\n\t\t\t\t\t<\/div>\n\t\t\t\t\t\t\t\t\n<style>\n#image_1763897961 {\n  width: 100%;\n}\n<\/style>\n\t<\/div>\n\t\n\t\t<\/div>\n\t\t\t\t\t<\/div>\n\n\t\n<\/div>\n\t\t<\/div>\n\n\t\t\n<style>\n#section_423942347 {\n  padding-top: 30px;\n  padding-bottom: 30px;\n}\n<\/style>\n\t<\/section>\n\t\n\t<section class=\"section section-quy-trinh\" id=\"section_2030026249\">\n\t\t<div class=\"bg section-bg fill bg-fill  bg-loaded\" >\n\n\t\t\t\n\t\t\t\n\t\t\t\n\n\t\t<\/div>\n\n\t\t<div class=\"section-content relative\">\n\t\t\t\n<div class=\"row\"  id=\"row-744786413\">\n\n\t<div id=\"col-2067810275\" class=\"col small-12 large-12\"  >\n\t\t\t\t<div class=\"col-inner\"  >\n\t\t\t\n\t\t\t\n<h3 class=\"tieu-de-home\" style=\"text-align: center;\">quy tr\u00ecnh l\u00e0m vi\u1ec7c<\/h3>\n<div class=\"row row-collapse\"  id=\"row-1169309602\">\n\n\t<div id=\"col-1106954803\" class=\"col medium-3 small-6 large-3\"  >\n\t\t\t\t<div class=\"col-inner text-center dark\" style=\"background-color:rgb(226, 58, 89);\" >\n\t\t\t\n\t\t\t\n<p class=\"so-ttt\">01<\/p>\n\t\t<\/div>\n\t\t\t\t\t<\/div>\n\n\t\n\n\t<div id=\"col-843369282\" class=\"col medium-3 small-6 large-3\"  >\n\t\t\t\t<div class=\"col-inner text-center dark\" style=\"background-color:rgb(27, 117, 187);\" >\n\t\t\t\n\t\t\t\n<p class=\"so-ttt\">02<\/p>\n\t\t<\/div>\n\t\t\t\t\t<\/div>\n\n\t\n\n\t<div id=\"col-2030866783\" class=\"col medium-3 small-6 large-3\"  >\n\t\t\t\t<div class=\"col-inner text-center dark\" style=\"background-color:rgb(252, 200, 43);\" >\n\t\t\t\n\t\t\t\n<p class=\"so-ttt\">01<\/p>\n\t\t<\/div>\n\t\t\t\t\t<\/div>\n\n\t\n\n\t<div id=\"col-838236314\" class=\"col medium-3 small-6 large-3\"  >\n\t\t\t\t<div class=\"col-inner text-center dark\" style=\"background-color:rgb(69, 174, 174);\" >\n\t\t\t\n\t\t\t\n<p class=\"so-ttt\">01<\/p>\n\t\t<\/div>\n\t\t\t\t\t<\/div>\n\n\t\n<\/div>\n<div class=\"row row-collapse\"  id=\"row-1145052219\">\n\n\t<div id=\"col-819731818\" class=\"col medium-3 small-6 large-3\"  >\n\t\t\t\t<div class=\"col-inner box-shadow-1\"  >\n\t\t\t\n\t\t\t\n\n\t\t<div class=\"icon-box featured-box icon-box-center text-center\"  >\n\t\t\t\t\t<div class=\"icon-box-img\" style=\"width: 110px\">\n\t\t\t\t<div class=\"icon\">\n\t\t\t\t\t<div class=\"icon-inner\" >\n\t\t\t\t\t\t<img width=\"110\" height=\"70\" src=\"https:\/\/dichvu.mauwebwp.com\/dichvu026\/wp-content\/uploads\/2018\/08\/pizi_tim_sen_1_r5_thanh_lap_doanh_nghiep_img_1.png\" class=\"attachment-medium size-medium\" alt=\"\" loading=\"lazy\" \/>\t\t\t\t\t<\/div>\n\t\t\t\t<\/div>\n\t\t\t<\/div>\n\t\t\t\t<div class=\"icon-box-text last-reset\">\n\t\t\t\t\t\t\t\t\t\n<h3><span style=\"color: #e23a59;\">TI\u1ebeP NH\u1eacN TH\u00d4NG TIN<\/span><\/h3>\n<p>Ti\u1ebfp nh\u1eadn th\u00f4ng tin t\u1eeb kh\u00e1ch h\u00e0ng v\u00e0 ti\u1ebfn h\u00e0nh trao \u0111\u1ed5i chi ti\u1ebft, li\u1ec7t k\u00ea th\u00f4ng tin \u0111\u1ec3 t\u00ecm ra v\u1ea5n \u0111\u1ec1 m\u1ea5u ch\u1ed1t m\u00e0 kh\u00e1ch h\u00e0ng \u0111ang g\u1eb7p ph\u1ea3i.<\/p>\n\t\t<\/div>\n\t<\/div>\n\t\n\t\n\t\t<\/div>\n\t\t\t\t\t<\/div>\n\n\t\n\n\t<div id=\"col-1073459791\" class=\"col medium-3 small-6 large-3\"  >\n\t\t\t\t<div class=\"col-inner box-shadow-2\"  >\n\t\t\t\n\t\t\t\n\n\t\t<div class=\"icon-box featured-box icon-box-center text-center\"  >\n\t\t\t\t\t<div class=\"icon-box-img\" style=\"width: 110px\">\n\t\t\t\t<div class=\"icon\">\n\t\t\t\t\t<div class=\"icon-inner\" >\n\t\t\t\t\t\t<img width=\"110\" height=\"70\" src=\"https:\/\/dichvu.mauwebwp.com\/dichvu026\/wp-content\/uploads\/2018\/08\/pizi_tim_sen_1_r5_thanh_lap_doanh_nghiep_img_2.png\" class=\"attachment-medium size-medium\" alt=\"\" loading=\"lazy\" \/>\t\t\t\t\t<\/div>\n\t\t\t\t<\/div>\n\t\t\t<\/div>\n\t\t\t\t<div class=\"icon-box-text last-reset\">\n\t\t\t\t\t\t\t\t\t\n<h3><span style=\"color: #1b75bb;\">\u0110\u01afA GI\u1ea2I PH\u00c1P, X\u1eec L\u00cd<\/span><\/h3>\n<p>Sau khi ti\u1ebfp nh\u1eadn v\u00e0 l\u00ean h\u1ed3 s\u01a1 cho kh\u00e1ch h\u00e0ng, ti\u1ebfn h\u00e0nh nghi\u00ean c\u1ee9u v\u00e0 x\u1eed l\u00ed c\u00e1c th\u00f4ng tin, \u0111\u01b0a gi\u1ea3i ph\u00e1p t\u1ed1t nh\u1ea5t v\u00e0 x\u1eed l\u00ed theo gi\u1ea3i ph\u00e1p.<\/p>\n\t\t<\/div>\n\t<\/div>\n\t\n\t\n\t\t<\/div>\n\t\t\t\t\t<\/div>\n\n\t\n\n\t<div id=\"col-2138066976\" class=\"col medium-3 small-6 large-3\"  >\n\t\t\t\t<div class=\"col-inner box-shadow-1\"  >\n\t\t\t\n\t\t\t\n\n\t\t<div class=\"icon-box featured-box icon-box-center text-center\"  >\n\t\t\t\t\t<div class=\"icon-box-img\" style=\"width: 110px\">\n\t\t\t\t<div class=\"icon\">\n\t\t\t\t\t<div class=\"icon-inner\" >\n\t\t\t\t\t\t<img width=\"110\" height=\"70\" src=\"https:\/\/dichvu.mauwebwp.com\/dichvu026\/wp-content\/uploads\/2018\/08\/pizi_tim_sen_1_r5_thanh_lap_doanh_nghiep_img_3.png\" class=\"attachment-medium size-medium\" alt=\"\" loading=\"lazy\" \/>\t\t\t\t\t<\/div>\n\t\t\t\t<\/div>\n\t\t\t<\/div>\n\t\t\t\t<div class=\"icon-box-text last-reset\">\n\t\t\t\t\t\t\t\t\t\n<h3><span style=\"color: #fcc82b;\">H\u1ed6 TR\u1ee2 KH\u00c1CH H\u00c0NG<\/span><\/h3>\n<p>Trong qu\u00e1 tr\u00ecnh x\u1eed l\u00ed n\u1ebfu kh\u00e1ch h\u00e0ng c\u00f3 b\u1ea5t k\u00ec th\u1eafc m\u1eafc ch\u00fang t\u00f4i s\u0103n s\u00e0ng h\u1ed7 tr\u1ee3 gi\u1ea3i \u0111\u00e1p \u0111\u1ec3 \u0111\u1ea3m b\u1ea3o ti\u1ebfn \u0111\u1ed9 c\u00f4ng vi\u1ec7c lu\u00f4n ho\u00e0n th\u00e0nh t\u1ed1t nh\u1ea5t.<\/p>\n\t\t<\/div>\n\t<\/div>\n\t\n\t\n\t\t<\/div>\n\t\t\t\t\t<\/div>\n\n\t\n\n\t<div id=\"col-897090579\" class=\"col medium-3 small-6 large-3\"  >\n\t\t\t\t<div class=\"col-inner box-shadow-1\"  >\n\t\t\t\n\t\t\t\n\n\t\t<div class=\"icon-box featured-box icon-box-center text-center\"  >\n\t\t\t\t\t<div class=\"icon-box-img\" style=\"width: 110px\">\n\t\t\t\t<div class=\"icon\">\n\t\t\t\t\t<div class=\"icon-inner\" >\n\t\t\t\t\t\t<img width=\"110\" height=\"70\" src=\"https:\/\/dichvu.mauwebwp.com\/dichvu026\/wp-content\/uploads\/2018\/08\/pizi_tim_sen_1_r5_thanh_lap_doanh_nghiep_img_4.png\" class=\"attachment-medium size-medium\" alt=\"\" loading=\"lazy\" \/>\t\t\t\t\t<\/div>\n\t\t\t\t<\/div>\n\t\t\t<\/div>\n\t\t\t\t<div class=\"icon-box-text last-reset\">\n\t\t\t\t\t\t\t\t\t\n<h3><span style=\"color: #45aeae;\">HO\u00c0N TR\u1ea2 H\u1ed2 S\u01a0<\/span><\/h3>\n<p>Sau khi v\u1ea5n \u0111\u1ec1 \u0111\u01b0\u1ee3c gi\u1ea3i quy\u1ebft tri\u1ec7t \u0111\u1ec3, ti\u1ebfn h\u00e0nh b\u00e0n giao v\u00e0 h\u01b0\u1edbng d\u1eabn c\u1ee5 th\u1ec3 \u0111\u1ec3 kh\u00e1ch h\u00e0ng hi\u1ec3u r\u00f5 c\u0169ng nh\u01b0 th\u00e0nh th\u1ea1o c\u00f4ng vi\u1ec7c.<\/p>\n\t\t<\/div>\n\t<\/div>\n\t\n\t\n\t\t<\/div>\n\t\t\t\t\t<\/div>\n\n\t\n<\/div>\n\t\t<\/div>\n\t\t\t\t\t<\/div>\n\n\t\n<\/div>\n\t\t<\/div>\n\n\t\t\n<style>\n#section_2030026249 {\n  padding-top: 30px;\n  padding-bottom: 30px;\n}\n<\/style>\n\t<\/section>\n\t\n","protected":false},"excerpt":{"rendered":"","protected":false},"author":1,"featured_media":0,"parent":0,"menu_order":0,"comment_status":"closed","ping_status":"closed","template":"page-blank.php","meta":[],"_links":{"self":[{"href":"https:\/\/dichvu.mauwebwp.com\/dichvu026\/wp-json\/wp\/v2\/pages\/155"}],"collection":[{"href":"https:\/\/dichvu.mauwebwp.com\/dichvu026\/wp-json\/wp\/v2\/pages"}],"about":[{"href":"https:\/\/dichvu.mauwebwp.com\/dichvu026\/wp-json\/wp\/v2\/types\/page"}],"author":[{"embeddable":true,"href":"https:\/\/dichvu.mauwebwp.com\/dichvu026\/wp-json\/wp\/v2\/users\/1"}],"replies":[{"embeddable":true,"href":"https:\/\/dichvu.mauwebwp.com\/dichvu026\/wp-json\/wp\/v2\/comments?post=155"}],"version-history":[{"count":6,"href":"https:\/\/dichvu.mauwebwp.com\/dichvu026\/wp-json\/wp\/v2\/pages\/155\/revisions"}],"predecessor-version":[{"id":162,"href":"https:\/\/dichvu.mauwebwp.com\/dichvu026\/wp-json\/wp\/v2\/pages\/155\/revisions\/162"}],"wp:attachment":[{"href":"https:\/\/dichvu.mauwebwp.com\/dichvu026\/wp-json\/wp\/v2\/media?parent=155"}],"curies":[{"name":"wp","href":"https:\/\/api.w.org\/{rel}","templated":true}]}}